{"id":9,"date":"2024-12-21T01:55:23","date_gmt":"2024-12-21T01:55:23","guid":{"rendered":"http:\/\/margotsergentpublicspeaking.com\/?page_id=9"},"modified":"2025-01-03T02:01:41","modified_gmt":"2025-01-03T02:01:41","slug":"about","status":"publish","type":"page","link":"https:\/\/margotsergentpublicspeaking.com\/?page_id=9","title":{"rendered":"About"},"content":{"rendered":"\n<div class=\"wp-block-columns is-layout-flex wp-container-core-columns-is-layout-9d6595d7 wp-block-columns-is-layout-flex\">\n<div class=\"wp-block-column is-layout-flow wp-block-column-is-layout-flow\"><\/div>\n<\/div>\n\n\n\n<p>Margot graduated as a Harp Concertist and has been a professional classical musician, performing as a soloist, in chamber music ensembles (Ensemble Klimt, Ensemble Ant\u00e9a, Ensemble Aeva), and with national orchestras in France (Orchestre de Nantes, Orchestre National des Pays de la Loire). She was also a member of the contemporary music group, Paris Chamber Orchestra, which performed at prestigious venues including Op\u00e9ra Comique in Paris, the Konzert Hall in Vienna, and Carnegie Hall in New York. She made an acclaimed appearance in the pop and world music scenes, touring with number one selling artist Nolwenn Leroy and Archie Shepp prot\u00e9g\u00e9, Brazilian singer M\u00f4nica Passos.<\/p>\n\n\n\n<div class=\"wp-block-media-text is-stacked-on-mobile is-vertically-aligned-center\" style=\"grid-template-columns:51% auto\"><figure class=\"wp-block-media-text__media\"><img loading=\"lazy\" decoding=\"async\" width=\"1024\" height=\"683\" src=\"http:\/\/margotsergentpublicspeaking.com\/wp-content\/uploads\/2024\/12\/H5A2324-copy-1024x683.jpg\" alt=\"\" class=\"wp-image-66 size-full\" srcset=\"https:\/\/margotsergentpublicspeaking.com\/wp-content\/uploads\/2024\/12\/H5A2324-copy-1024x683.jpg 1024w, https:\/\/margotsergentpublicspeaking.com\/wp-content\/uploads\/2024\/12\/H5A2324-copy-300x200.jpg 300w, https:\/\/margotsergentpublicspeaking.com\/wp-content\/uploads\/2024\/12\/H5A2324-copy-768x512.jpg 768w, https:\/\/margotsergentpublicspeaking.com\/wp-content\/uploads\/2024\/12\/H5A2324-copy-1536x1024.jpg 1536w, https:\/\/margotsergentpublicspeaking.com\/wp-content\/uploads\/2024\/12\/H5A2324-copy-2048x1365.jpg 2048w, https:\/\/margotsergentpublicspeaking.com\/wp-content\/uploads\/2024\/12\/H5A2324-copy-364x242.jpg 364w, https:\/\/margotsergentpublicspeaking.com\/wp-content\/uploads\/2024\/12\/H5A2324-copy-1140x760.jpg 1140w\" sizes=\"auto, (max-width: 1024px) 100vw, 1024px\" \/><\/figure><div class=\"wp-block-media-text__content\">\n<p>Since arriving in New York in 2015, after attending the prestigious Berklee College of Music, Margot has immersed herself in the Jazz and Cabaret world, regularly selling out performances at venues such as Birdland Theater, 54 Below, and The Cutting Room. She has also been invited to perform at various French official events, including at the French Embassy, Albertine Library for her \u201cVian and Pr\u00e9vert Swings\u201d show, and Air France Run.<\/p>\n<\/div><\/div>\n\n\n\n<p>Douce France Sweet France, her debut album was eligible on the Best Vocal Jazz album at the Grammys 2025, and was nominated for the Manhattan Association of Cabaret, Lamott Friedman Award in 2024. Her acting background as a Jean Permimony and Jack Waltzer alumni makes her one of the finest performers and storytellers.<\/p>\n\n\n\n<p>Margot has also leveraged her experience as a public speaker, coaching in one-on-one and group sessions for various companies and communities, including She for SHE, Barnard College in NYC and abroad.<\/p>\n\n\n\n<p><\/p>\n","protected":false},"excerpt":{"rendered":"<p>Margot graduated as a Harp Concertist and has been a professional classical musician, performing as a soloist, in chamber music ensembles (Ensemble Klimt, Ensemble Ant\u00e9a, Ensemble Aeva), and with national orchestras in France (Orchestre de Nantes, Orchestre National des Pays de la Loire). She was also a member of the contemporary music group, Paris Chamber Orchestra, which performed at prestigious venues including Op\u00e9ra Comique in Paris, the Konzert Hall in Vienna, and Carnegie Hall in New York. She made an acclaimed appearance in the pop and world music scenes, touring with number one selling artist Nolwenn Leroy and Archie Shepp prot\u00e9g\u00e9, Brazilian singer M\u00f4nica Passos. Since arriving in New York in 2015, after attending the prestigious Berklee College of Music, Margot has immersed herself in the Jazz and Cabaret world, regularly selling out performances at venues such as Birdland Theater, 54 Below, and The Cutting Room. She has also been invited to perform at various French official events, including at the French Embassy, Albertine Library for her \u201cVian and Pr\u00e9vert Swings\u201d show, and Air France Run. Douce France Sweet France, her debut album was eligible on the Best Vocal Jazz album at the Grammys 2025, and was nominated for the Manhattan Association of Cabaret, Lamott Friedman Award in 2024. Her acting background as a Jean Permimony and Jack Waltzer alumni makes her one of the finest performers and storytellers. Margot has also leveraged her experience as a public speaker, coaching in one-on-one and group sessions for various companies and communities, including She for SHE, Barnard College in NYC and abroad.<\/p>\n","protected":false},"author":1,"featured_media":0,"parent":0,"menu_order":0,"comment_status":"closed","ping_status":"closed","template":"templates\/template-full-width-blank.php","meta":{"footnotes":""},"class_list":["post-9","page","type-page","status-publish","hentry"],"_links":{"self":[{"href":"https:\/\/margotsergentpublicspeaking.com\/index.php?rest_route=\/wp\/v2\/pages\/9","targetHints":{"allow":["GET"]}}],"collection":[{"href":"https:\/\/margotsergentpublicspeaking.com\/index.php?rest_route=\/wp\/v2\/pages"}],"about":[{"href":"https:\/\/margotsergentpublicspeaking.com\/index.php?rest_route=\/wp\/v2\/types\/page"}],"author":[{"embeddable":true,"href":"https:\/\/margotsergentpublicspeaking.com\/index.php?rest_route=\/wp\/v2\/users\/1"}],"replies":[{"embeddable":true,"href":"https:\/\/margotsergentpublicspeaking.com\/index.php?rest_route=%2Fwp%2Fv2%2Fcomments&post=9"}],"version-history":[{"count":7,"href":"https:\/\/margotsergentpublicspeaking.com\/index.php?rest_route=\/wp\/v2\/pages\/9\/revisions"}],"predecessor-version":[{"id":71,"href":"https:\/\/margotsergentpublicspeaking.com\/index.php?rest_route=\/wp\/v2\/pages\/9\/revisions\/71"}],"wp:attachment":[{"href":"https:\/\/margotsergentpublicspeaking.com\/index.php?rest_route=%2Fwp%2Fv2%2Fmedia&parent=9"}],"curies":[{"name":"wp","href":"https:\/\/api.w.org\/{rel}","templated":true}]}}